{"id":71,"date":"2025-03-15T00:06:40","date_gmt":"2025-03-14T21:06:40","guid":{"rendered":"https:\/\/cts-group.cz\/?page_id=71"},"modified":"2025-03-15T22:57:28","modified_gmt":"2025-03-15T19:57:28","slug":"o-nas","status":"publish","type":"page","link":"https:\/\/cts-group.cz\/?page_id=71","title":{"rendered":"O n\u00e1s"},"content":{"rendered":"\n<p>Spole\u010dnost CTS GROUP byla zalo\u017eena v roce 2021 s c\u00edlem poskytovat komplexn\u00ed exportn\u00ed a importn\u00ed slu\u017eby v oblasti zahrani\u010dn\u00edho obchodu s vojensk\u00fdm materi\u00e1lem. Pozd\u011bji se stala v\u00fdznamn\u00fdm subjektem v oblasti v\u00fdvoje obrann\u00fdch a bezpe\u010dnostn\u00edch technologi\u00ed.<br>Spole\u010dnost CTS GROUP se postupn\u011b stala partnerem pro vl\u00e1dn\u00ed organizace, arm\u00e1dn\u00ed a bezpe\u010dnostn\u00ed slo\u017eky a soukrom\u00e9 subjekty v \u010cesk\u00e9 republice a zahrani\u010d\u00ed.<br>Disponujeme ve\u0161ker\u00fdmi pot\u0159ebn\u00fdmi opr\u00e1vn\u011bn\u00edmi, znalostmi a zku\u0161enostmi, co\u017e n\u00e1m umo\u017e\u0148uje p\u016fsobit jako d\u016fv\u011bryhodn\u00fd a spolehliv\u00fd partner na glob\u00e1ln\u00edm trhu.<\/p>\n\n\n\n<p><strong>Na\u0161e posl\u00e1n\u00ed:<\/strong><br>Pod\u00edlet se na vytv\u00e1\u0159en\u00ed bezpe\u010dn\u011bj\u0161\u00edho prost\u0159ed\u00ed. Zaji\u0161\u0165ujeme zahrani\u010dn\u00ed obchod s vojensk\u00fdm materi\u00e1lem. Obchodujeme s produkty v oblasti bezpe\u010dnosti. Vyv\u00edj\u00edme a zdokonalujeme obrann\u00e9 a bezpe\u010dnostn\u00ed technologie. Na\u0161im klient\u016fm poskytujeme komplexn\u00ed slu\u017eby od A do Z. Ka\u017ed\u00e1 transakce v na\u0161ich ruk\u00e1ch prob\u00edh\u00e1 bezpe\u010dn\u011b, efektivn\u011b a v souladu se v\u0161emi platn\u00fdmi p\u0159edpisy.<\/p>\n\n\n","protected":false},"excerpt":{"rendered":"<p>Spole\u010dnost CTS GROUP byla zalo\u017eena v roce 2021 s c\u00edlem poskytovat komplexn\u00ed exportn\u00ed a importn\u00ed slu\u017eby v oblasti zahrani\u010dn\u00edho obchodu s vojensk\u00fdm materi\u00e1lem. Pozd\u011bji se stala v\u00fdznamn\u00fdm subjektem v oblasti v\u00fdvoje obrann\u00fdch a bezpe\u010dnostn\u00edch technologi\u00ed.Spole\u010dnost CTS GROUP se postupn\u011b stala partnerem pro vl\u00e1dn\u00ed organizace, arm\u00e1dn\u00ed a bezpe\u010dnostn\u00ed slo\u017eky a soukrom\u00e9 subjekty v \u010cesk\u00e9 republice a [&hellip;]<\/p>\n","protected":false},"author":1,"featured_media":0,"parent":0,"menu_order":0,"comment_status":"closed","ping_status":"closed","template":"","meta":{"saved_in_kubio":true,"footnotes":""},"class_list":["post-71","page","type-page","status-publish","hentry"],"kubio_ai_page_context":{"short_desc":"","purpose":"general"},"_links":{"self":[{"href":"https:\/\/cts-group.cz\/index.php?rest_route=\/wp\/v2\/pages\/71","targetHints":{"allow":["GET"]}}],"collection":[{"href":"https:\/\/cts-group.cz\/index.php?rest_route=\/wp\/v2\/pages"}],"about":[{"href":"https:\/\/cts-group.cz\/index.php?rest_route=\/wp\/v2\/types\/page"}],"author":[{"embeddable":true,"href":"https:\/\/cts-group.cz\/index.php?rest_route=\/wp\/v2\/users\/1"}],"replies":[{"embeddable":true,"href":"https:\/\/cts-group.cz\/index.php?rest_route=%2Fwp%2Fv2%2Fcomments&post=71"}],"version-history":[{"count":5,"href":"https:\/\/cts-group.cz\/index.php?rest_route=\/wp\/v2\/pages\/71\/revisions"}],"predecessor-version":[{"id":231,"href":"https:\/\/cts-group.cz\/index.php?rest_route=\/wp\/v2\/pages\/71\/revisions\/231"}],"wp:attachment":[{"href":"https:\/\/cts-group.cz\/index.php?rest_route=%2Fwp%2Fv2%2Fmedia&parent=71"}],"curies":[{"name":"wp","href":"https:\/\/api.w.org\/{rel}","templated":true}]}}