{"id":133,"date":"2025-03-15T03:03:37","date_gmt":"2025-03-15T00:03:37","guid":{"rendered":"https:\/\/cts-group.cz\/?page_id=133"},"modified":"2025-06-13T14:14:27","modified_gmt":"2025-06-13T11:14:27","slug":"rozbocovac-projektu-spoluprace","status":"publish","type":"page","link":"https:\/\/cts-group.cz\/?page_id=133","title":{"rendered":"Rozbo\u010dova\u010d projekt\u016f spolupr\u00e1ce"},"content":{"rendered":"\n<div class=\"wp-block-media-text is-stacked-on-mobile\" style=\"grid-template-columns:56% auto\"><figure class=\"wp-block-media-text__media\"><img loading=\"lazy\" decoding=\"async\" width=\"1024\" height=\"682\" src=\"https:\/\/cts-group.cz\/wp-content\/uploads\/2025\/06\/digital_tunnel_3x21.png\" alt=\"\" class=\"wp-image-261 size-full\" srcset=\"https:\/\/cts-group.cz\/wp-content\/uploads\/2025\/06\/digital_tunnel_3x21.png 1024w, https:\/\/cts-group.cz\/wp-content\/uploads\/2025\/06\/digital_tunnel_3x21-300x200.png 300w, https:\/\/cts-group.cz\/wp-content\/uploads\/2025\/06\/digital_tunnel_3x21-768x512.png 768w\" sizes=\"(max-width: 1024px) 100vw, 1024px\" \/><\/figure><div class=\"wp-block-media-text__content\">\n<p class=\"has-text-align-right\">P\u0159i budov\u00e1n\u00ed syst\u00e9m\u016f ochrany objekt\u016f a perimetru je zvl\u00e1\u0161tn\u00ed pozornost v\u011bnov\u00e1na s\u00ed\u0165ov\u00e9 infrastruktu\u0159e zalo\u017een\u00e9 na technologi\u00edch HeliX.<br>Tato infrastruktura se vyzna\u010duje spolehlivost\u00ed, bezpe\u010dnost\u00ed a snadnou \u0161k\u00e1lovatelnost\u00ed a poskytuje vysokou odolnost proti ru\u0161en\u00ed a vn\u011bj\u0161\u00edm hrozb\u00e1m.<\/p>\n\n\n\n<p class=\"has-text-align-right\">To umo\u017e\u0148uje vytv\u00e1\u0159et \u0159e\u0161en\u00ed schopn\u00e1 stabiln\u00edho provozu i ve slo\u017eit\u00e9m elektronick\u00e9m prost\u0159ed\u00ed a \u00fa\u010dinn\u011b chr\u00e1nit objekty a \u00fazem\u00ed p\u0159ed \u00fatoky FPV dron\u016f a dal\u0161\u00edmi modern\u00edmi hrozbami.<\/p>\n\n\n\n<p class=\"has-text-align-right\">Syst\u00e9my zalo\u017een\u00e9 na technologii HeliX se \u00fasp\u011b\u0161n\u011b osv\u011bd\u010dily v civiln\u00edm i ve\u0159ejn\u00e9m sektoru a poskytuj\u00ed komplexn\u00ed ochranu objekt\u016f jak\u00e9koli slo\u017eitosti a rozsahu..<\/p>\n\n\n\n<p class=\"has-text-align-right\">Z\u00edskejte maxim\u00e1ln\u00ed spolehlivost a ochranu sv\u00fdch s\u00edt\u00ed s inovativn\u00ed technologi\u00ed HeliX od spole\u010dnosti CTS Group.<\/p>\n<\/div><\/div>\n","protected":false},"excerpt":{"rendered":"<p>P\u0159i budov\u00e1n\u00ed syst\u00e9m\u016f ochrany objekt\u016f a perimetru je zvl\u00e1\u0161tn\u00ed pozornost v\u011bnov\u00e1na s\u00ed\u0165ov\u00e9 infrastruktu\u0159e zalo\u017een\u00e9 na technologi\u00edch HeliX.Tato infrastruktura se vyzna\u010duje spolehlivost\u00ed, bezpe\u010dnost\u00ed a snadnou \u0161k\u00e1lovatelnost\u00ed a poskytuje vysokou odolnost proti ru\u0161en\u00ed a vn\u011bj\u0161\u00edm hrozb\u00e1m. To umo\u017e\u0148uje vytv\u00e1\u0159et \u0159e\u0161en\u00ed schopn\u00e1 stabiln\u00edho provozu i ve slo\u017eit\u00e9m elektronick\u00e9m prost\u0159ed\u00ed a \u00fa\u010dinn\u011b chr\u00e1nit objekty a \u00fazem\u00ed p\u0159ed \u00fatoky FPV [&hellip;]<\/p>\n","protected":false},"author":1,"featured_media":0,"parent":0,"menu_order":0,"comment_status":"closed","ping_status":"closed","template":"","meta":{"saved_in_kubio":true,"footnotes":""},"class_list":["post-133","page","type-page","status-publish","hentry"],"kubio_ai_page_context":{"short_desc":"","purpose":"general"},"_links":{"self":[{"href":"https:\/\/cts-group.cz\/index.php?rest_route=\/wp\/v2\/pages\/133","targetHints":{"allow":["GET"]}}],"collection":[{"href":"https:\/\/cts-group.cz\/index.php?rest_route=\/wp\/v2\/pages"}],"about":[{"href":"https:\/\/cts-group.cz\/index.php?rest_route=\/wp\/v2\/types\/page"}],"author":[{"embeddable":true,"href":"https:\/\/cts-group.cz\/index.php?rest_route=\/wp\/v2\/users\/1"}],"replies":[{"embeddable":true,"href":"https:\/\/cts-group.cz\/index.php?rest_route=%2Fwp%2Fv2%2Fcomments&post=133"}],"version-history":[{"count":5,"href":"https:\/\/cts-group.cz\/index.php?rest_route=\/wp\/v2\/pages\/133\/revisions"}],"predecessor-version":[{"id":262,"href":"https:\/\/cts-group.cz\/index.php?rest_route=\/wp\/v2\/pages\/133\/revisions\/262"}],"wp:attachment":[{"href":"https:\/\/cts-group.cz\/index.php?rest_route=%2Fwp%2Fv2%2Fmedia&parent=133"}],"curies":[{"name":"wp","href":"https:\/\/api.w.org\/{rel}","templated":true}]}}