{"id":100,"date":"2025-03-15T01:45:34","date_gmt":"2025-03-14T22:45:34","guid":{"rendered":"https:\/\/cts-group.cz\/?page_id=100"},"modified":"2025-03-30T13:38:05","modified_gmt":"2025-03-30T10:38:05","slug":"systemy-elektronickeho-pruzkumu-ers","status":"publish","type":"page","link":"https:\/\/cts-group.cz\/?page_id=100","title":{"rendered":"Syst\u00e9my elektronick\u00e9ho pr\u016fzkumu (ERS)"},"content":{"rendered":"\n<div class=\"wp-block-columns is-layout-flex wp-container-core-columns-is-layout-28f84493 wp-block-columns-is-layout-flex\">\n<div class=\"wp-block-column is-layout-flow wp-block-column-is-layout-flow\"><\/div>\n\n\n\n<div class=\"wp-block-column is-layout-flow wp-block-column-is-layout-flow\">\n<p>Modern\u00ed syst\u00e9my elektronick\u00e9ho pr\u016fzkumu (ERS) jsou ur\u010deny k rychl\u00e9mu z\u00edsk\u00e1v\u00e1n\u00ed, anal\u00fdze a vyu\u017e\u00edv\u00e1n\u00ed informac\u00ed p\u0159en\u00e1\u0161en\u00fdch elektromagnetick\u00fdmi sign\u00e1ly. Tyto syst\u00e9my umo\u017e\u0148uj\u00ed odhalit z\u00e1m\u011bry a akce nep\u0159\u00edtele zachycen\u00edm komunika\u010dn\u00edch, naviga\u010dn\u00edch, \u0159\u00eddic\u00edch a datov\u00fdch p\u0159enosov\u00fdch sign\u00e1l\u016f. V dne\u0161n\u00edm prost\u0159ed\u00ed hrozeb se efektivn\u00ed vyu\u017e\u00edv\u00e1n\u00ed syst\u00e9m\u016f DER st\u00e1v\u00e1 kl\u00ed\u010dem k \u00fasp\u011bchu jak ve vojensk\u00fdch operac\u00edch, tak p\u0159i obran\u011b strategick\u00fdch objekt\u016f v civiln\u00ed sf\u00e9\u0159e.<\/p>\n\n\n\n<p>Spole\u010dnost CTS Group vyv\u00edj\u00ed a vyr\u00e1b\u00ed pokro\u010dil\u00e9 leteck\u00e9 radarov\u00e9 syst\u00e9my, kter\u00e9 se \u00fasp\u011b\u0161n\u011b osv\u011bd\u010dily v re\u00e1ln\u00fdch bojov\u00fdch akc\u00edch ve velk\u00e9m m\u011b\u0159\u00edtku. Z\u00e1rove\u0148 jsou na\u0161e konstrukce navr\u017eeny pro bezpe\u010dn\u00e9 a \u00fa\u010dinn\u00e9 civiln\u00ed aplikace, kter\u00e9 poskytuj\u00ed ochranu bez nep\u0159\u00edzniv\u00e9ho dopadu na \u017eivotn\u00ed prost\u0159ed\u00ed nebo u\u017eivatele.<\/p>\n<\/div>\n<\/div>\n\n\n\n<p><strong>Na\u0161e \u0159e\u0161en\u00ed zahrnuj\u00ed:<\/strong><\/p>\n\n\n\n<div class=\"wp-block-columns is-layout-flex wp-container-core-columns-is-layout-28f84493 wp-block-columns-is-layout-flex\">\n<div class=\"wp-block-column is-layout-flow wp-block-column-is-layout-flow\">\n\n\n<p><strong>Za\u0159\u00edzen\u00ed pro detekci a monitorov\u00e1n\u00ed sign\u00e1l\u016f:<\/strong><br>umo\u017e\u0148uje rychlou a p\u0159esnou identifikaci nep\u0159\u00e1telsk\u00fdch zdroj\u016f elektromagnetick\u00e9ho z\u00e1\u0159en\u00ed.<\/p>\n<\/div>\n\n\n\n<div class=\"wp-block-column is-layout-flow wp-block-column-is-layout-flow\">\n\n\n<p><strong>Syst\u00e9my pro spole\u010dn\u00e9 pou\u017eit\u00ed se syst\u00e9my REB:<\/strong><br>poskytuj\u00ed \u00fa\u010dinnou neutralizaci hrozeb prost\u0159ednictv\u00edm p\u0159esn\u00e9 detekce a c\u00edlen\u00e9ho potla\u010den\u00ed sign\u00e1lu.<\/p>\n<\/div>\n<\/div>\n\n\n\n<div class=\"wp-block-columns is-layout-flex wp-container-core-columns-is-layout-28f84493 wp-block-columns-is-layout-flex\">\n<div class=\"wp-block-column is-layout-flow wp-block-column-is-layout-flow\">\n\n\n<p><strong>Kompaktn\u00ed mobiln\u00ed komplexy:<\/strong><br>navr\u017een\u00e9 pro rychl\u00e9 nasazen\u00ed v jak\u00e9mkoli prost\u0159ed\u00ed.<\/p>\n<\/div>\n\n\n\n<div class=\"wp-block-column is-layout-flow wp-block-column-is-layout-flow\">\n\n\n<p><strong>Obrann\u00e9 syst\u00e9my:<\/strong><br>vytv\u00e1\u0159ej\u00ed spolehlivou ochrannou z\u00f3nu proti vniknut\u00ed bezpilotn\u00edch letoun\u016f.<\/p>\n<\/div>\n<\/div>\n\n\n\n<p>V civiln\u00edm sektoru lze syst\u00e9my elektronick\u00e9ho zpravodajstv\u00ed \u00fasp\u011b\u0161n\u011b vyu\u017e\u00edt k zabezpe\u010den\u00ed kritick\u00e9 infrastruktury, jako jsou leti\u0161t\u011b, elektr\u00e1rny, pr\u016fmyslov\u00e9 z\u00e1vody a dopravn\u00ed uzly.<br>Mohou \u00fa\u010dinn\u011b zabr\u00e1nit \u0161pion\u00e1\u017ei, pa\u0161ov\u00e1n\u00ed, ale i p\u0159\u00edpadn\u00fdm sabot\u00e1\u017e\u00edm a neopr\u00e1vn\u011bn\u00fdm \u00fatok\u016fm dron\u016f.<\/p>\n\n\n\n<p>V\u0161echny syst\u00e9my jsou d\u016fkladn\u011b testov\u00e1ny a vyv\u00edjeny v \u00fazk\u00e9 spolupr\u00e1ci s vojensk\u00fdmi odborn\u00edky, aby byla zaji\u0161t\u011bna jejich spolehlivost a vysok\u00fd v\u00fdkon. \u0158e\u0161en\u00ed spole\u010dnosti CTS Group jsou \u0161iroce vyu\u017e\u00edv\u00e1na ve vojensk\u00fdch operac\u00edch a lze je pou\u017e\u00edt i v civiln\u00edm sektoru k ochran\u011b strategick\u00fdch objekt\u016f, infrastruktury a \u00fazem\u00ed p\u0159ed vniknut\u00edm a \u00fatokem dron\u016f.<\/p>\n\n\n\n<p>Z\u00edskejte strategickou v\u00fdhodu a zajist\u011bte komplexn\u00ed bezpe\u010dnost s pokro\u010dil\u00fdmi elektronick\u00fdmi sledovac\u00edmi syst\u00e9my spole\u010dnosti CTS Group.<\/p>\n","protected":false},"excerpt":{"rendered":"<p>Modern\u00ed syst\u00e9my elektronick\u00e9ho pr\u016fzkumu (ERS) jsou ur\u010deny k rychl\u00e9mu z\u00edsk\u00e1v\u00e1n\u00ed, anal\u00fdze a vyu\u017e\u00edv\u00e1n\u00ed informac\u00ed p\u0159en\u00e1\u0161en\u00fdch elektromagnetick\u00fdmi sign\u00e1ly. Tyto syst\u00e9my umo\u017e\u0148uj\u00ed odhalit z\u00e1m\u011bry a akce nep\u0159\u00edtele zachycen\u00edm komunika\u010dn\u00edch, naviga\u010dn\u00edch, \u0159\u00eddic\u00edch a datov\u00fdch p\u0159enosov\u00fdch sign\u00e1l\u016f. V dne\u0161n\u00edm prost\u0159ed\u00ed hrozeb se efektivn\u00ed vyu\u017e\u00edv\u00e1n\u00ed syst\u00e9m\u016f DER st\u00e1v\u00e1 kl\u00ed\u010dem k \u00fasp\u011bchu jak ve vojensk\u00fdch operac\u00edch, tak p\u0159i obran\u011b strategick\u00fdch objekt\u016f [&hellip;]<\/p>\n","protected":false},"author":1,"featured_media":0,"parent":0,"menu_order":0,"comment_status":"closed","ping_status":"closed","template":"","meta":{"saved_in_kubio":true,"footnotes":""},"class_list":["post-100","page","type-page","status-publish","hentry"],"kubio_ai_page_context":{"short_desc":"","purpose":"general"},"_links":{"self":[{"href":"https:\/\/cts-group.cz\/index.php?rest_route=\/wp\/v2\/pages\/100","targetHints":{"allow":["GET"]}}],"collection":[{"href":"https:\/\/cts-group.cz\/index.php?rest_route=\/wp\/v2\/pages"}],"about":[{"href":"https:\/\/cts-group.cz\/index.php?rest_route=\/wp\/v2\/types\/page"}],"author":[{"embeddable":true,"href":"https:\/\/cts-group.cz\/index.php?rest_route=\/wp\/v2\/users\/1"}],"replies":[{"embeddable":true,"href":"https:\/\/cts-group.cz\/index.php?rest_route=%2Fwp%2Fv2%2Fcomments&post=100"}],"version-history":[{"count":6,"href":"https:\/\/cts-group.cz\/index.php?rest_route=\/wp\/v2\/pages\/100\/revisions"}],"predecessor-version":[{"id":256,"href":"https:\/\/cts-group.cz\/index.php?rest_route=\/wp\/v2\/pages\/100\/revisions\/256"}],"wp:attachment":[{"href":"https:\/\/cts-group.cz\/index.php?rest_route=%2Fwp%2Fv2%2Fmedia&parent=100"}],"curies":[{"name":"wp","href":"https:\/\/api.w.org\/{rel}","templated":true}]}}